{"id":339,"date":"2025-07-23T22:14:04","date_gmt":"2025-07-23T20:14:04","guid":{"rendered":"http:\/\/www.themindedbaby.it\/?page_id=339"},"modified":"2025-08-29T00:26:34","modified_gmt":"2025-08-28T22:26:34","slug":"servizi-gravidanza","status":"publish","type":"page","link":"https:\/\/www.themindedbaby.it\/index.php\/servizi-gravidanza\/","title":{"rendered":"Servizi: GraviDanza"},"content":{"rendered":"<p>[et_pb_section fb_built=&#8221;1&#8243; admin_label=&#8221;Header&#8221; _builder_version=&#8221;4.19.5&#8243; _module_preset=&#8221;default&#8221; background_color=&#8221;gcid-4dccef5c-a04c-4e7c-abbe-b1e880c58010&#8243; collapsed=&#8221;on&#8221; global_colors_info=&#8221;{%22gcid-4dccef5c-a04c-4e7c-abbe-b1e880c58010%22:%91%22background_color%22%93}&#8221;][et_pb_row column_structure=&#8221;1_2,1_2&#8243; _builder_version=&#8221;4.19.5&#8243; _module_preset=&#8221;default&#8221; global_colors_info=&#8221;{}&#8221;][et_pb_column type=&#8221;1_2&#8243; _builder_version=&#8221;4.19.5&#8243; _module_preset=&#8221;default&#8221; global_colors_info=&#8221;{}&#8221;][et_pb_text _builder_version=&#8221;4.19.5&#8243; _module_preset=&#8221;0834e323-164f-45e8-97fc-f93fb7f8dd28&#8243; header_text_color=&#8221;gcid-f743be1f-46bf-4685-bc55-7e8b347eb98d&#8221; custom_margin=&#8221;||10px||false|false&#8221; locked=&#8221;off&#8221; global_colors_info=&#8221;{%22gcid-f743be1f-46bf-4685-bc55-7e8b347eb98d%22:%91%22header_text_color%22%93}&#8221;]<\/p>\n<h1><em>GraviDanza<\/em><\/h1>\n<p>[\/et_pb_text][et_pb_text _builder_version=&#8221;4.27.3&#8243; _module_preset=&#8221;392f6a22-7ccb-4da5-b910-834739b50f95&#8243; text_text_color=&#8221;#FFFFFF&#8221; text_font_size=&#8221;21px&#8221; width=&#8221;71%&#8221; custom_margin=&#8221;38px||||false|false&#8221; locked=&#8221;off&#8221; global_colors_info=&#8221;{}&#8221;]<\/p>\n<p>&nbsp;<\/p>\n<p>Danziamo insieme, alla scoperta del <strong>viaggio sensoriale<\/strong> del tuo bambino.<\/p>\n<p>[\/et_pb_text][\/et_pb_column][et_pb_column type=&#8221;1_2&#8243; _builder_version=&#8221;4.19.5&#8243; _module_preset=&#8221;default&#8221; global_colors_info=&#8221;{}&#8221;][et_pb_image src=&#8221;https:\/\/www.themindedbaby.it\/wp-content\/uploads\/2025\/01\/health-clinic-14.png&#8221; title_text=&#8221;people-9105207_1280&#8243; _builder_version=&#8221;4.27.3&#8243; _module_preset=&#8221;default&#8221; background_image=&#8221;https:\/\/www.themindedbaby.it\/wp-content\/uploads\/2025\/07\/people-9105207_1280.jpg&#8221; parallax=&#8221;on&#8221; custom_margin=&#8221;||0px||false|false&#8221; global_colors_info=&#8221;{}&#8221;][\/et_pb_image][\/et_pb_column][\/et_pb_row][\/et_pb_section][et_pb_section fb_built=&#8221;1&#8243; admin_label=&#8221;Features&#8221; _builder_version=&#8221;4.19.5&#8243; _module_preset=&#8221;default&#8221; background_color=&#8221;gcid-9464c34f-f9ff-43eb-9668-c958662e33fc&#8221; custom_padding=&#8221;||0px||false|false&#8221; collapsed=&#8221;on&#8221; global_colors_info=&#8221;{%22gcid-9464c34f-f9ff-43eb-9668-c958662e33fc%22:%91%22background_color%22%93}&#8221;][et_pb_row column_structure=&#8221;1_2,1_2&#8243; _builder_version=&#8221;4.19.5&#8243; _module_preset=&#8221;default&#8221; global_colors_info=&#8221;{}&#8221;][et_pb_column type=&#8221;1_2&#8243; _builder_version=&#8221;4.19.5&#8243; _module_preset=&#8221;default&#8221; global_colors_info=&#8221;{}&#8221;][et_pb_text _builder_version=&#8221;4.19.5&#8243; _module_preset=&#8221;57f34735-a75b-4eba-8833-58fb819caaca&#8221; global_colors_info=&#8221;{}&#8221;]<\/p>\n<p style=\"text-align: center;\">Danziamo, osserviamo, ascoltiamo, parliamo, esprimiamoci insieme ai bambini che, ancora dentro il corpo della mamma, stanno gi\u00e0 sperimentando una vita sensoriale incredibile. Il movimento danzato porta benessere psicofisico, e permette al corpo di arrivare dove la parola non giunge.<\/p>\n<p>&nbsp;<\/p>\n<p>[\/et_pb_text][\/et_pb_column][et_pb_column type=&#8221;1_2&#8243; _builder_version=&#8221;4.19.5&#8243; _module_preset=&#8221;default&#8221; global_colors_info=&#8221;{}&#8221;][et_pb_text _builder_version=&#8221;4.27.3&#8243; _module_preset=&#8221;57f34735-a75b-4eba-8833-58fb819caaca&#8221; locked=&#8221;off&#8221; global_colors_info=&#8221;{}&#8221;]<\/p>\n<p style=\"text-align: center;\">Muovere il corpo permette di rientrare in contatto con esso e, indirettamente, con tutti i corpi in qualche modo connessi al proprio, in particolare quelli del bambino e del partner. Inoltre, mettere in gioco i cinque sensi crea un canale diretto con gli stessi che il bambino sta sviluppando nel ventre materno.<\/p>\n<p>[\/et_pb_text][\/et_pb_column][\/et_pb_row][et_pb_row _builder_version=&#8221;4.27.3&#8243; _module_preset=&#8221;default&#8221; custom_margin=&#8221;-18px||||false|false&#8221; global_colors_info=&#8221;{}&#8221;][et_pb_column type=&#8221;4_4&#8243; _builder_version=&#8221;4.19.5&#8243; _module_preset=&#8221;default&#8221; global_colors_info=&#8221;{}&#8221;][et_pb_image src=&#8221;https:\/\/www.themindedbaby.it\/wp-content\/uploads\/2025\/07\/dance-6950680_1280.jpg&#8221; title_text=&#8221;dance-6950680_1280&#8243; _builder_version=&#8221;4.27.3&#8243; _module_preset=&#8221;default&#8221; custom_margin=&#8221;-34px||||false|false&#8221; filter_saturate=&#8221;71%&#8221; filter_contrast=&#8221;69%&#8221; filter_sepia=&#8221;21%&#8221; filter_opacity=&#8221;88%&#8221; scroll_fade_enable=&#8221;on&#8221; border_radii=&#8221;on|10px|10px|10px|10px&#8221; global_colors_info=&#8221;{}&#8221;][\/et_pb_image][et_pb_image src=&#8221;https:\/\/www.themindedbaby.it\/wp-content\/uploads\/2025\/01\/health-clinic-3.png&#8221; title_text=&#8221;health-clinic-3&#8243; _builder_version=&#8221;4.19.5&#8243; _module_preset=&#8221;default&#8221; positioning=&#8221;absolute&#8221; position_origin_a=&#8221;top_right&#8221; width=&#8221;25%&#8221; global_colors_info=&#8221;{}&#8221;][\/et_pb_image][\/et_pb_column][\/et_pb_row][\/et_pb_section][et_pb_section fb_built=&#8221;1&#8243; admin_label=&#8221;FAQ&#8221; _builder_version=&#8221;4.27.3&#8243; _module_preset=&#8221;default&#8221; background_color=&#8221;gcid-9464c34f-f9ff-43eb-9668-c958662e33fc&#8221; custom_margin=&#8221;-67px||||false|false&#8221; saved_tabs=&#8221;all&#8221; locked=&#8221;off&#8221; collapsed=&#8221;on&#8221; global_colors_info=&#8221;{%22gcid-9464c34f-f9ff-43eb-9668-c958662e33fc%22:%91%22background_color%22%93}&#8221;][et_pb_row _builder_version=&#8221;4.19.5&#8243; _module_preset=&#8221;default&#8221; max_width=&#8221;750px&#8221; locked=&#8221;off&#8221; global_colors_info=&#8221;{}&#8221;][et_pb_column type=&#8221;4_4&#8243; _builder_version=&#8221;4.19.5&#8243; _module_preset=&#8221;default&#8221; global_colors_info=&#8221;{}&#8221;][et_pb_image src=&#8221;https:\/\/www.themindedbaby.it\/wp-content\/uploads\/2024\/10\/health-clinic-1.png&#8221; title_text=&#8221;health-clinic-1&#8243; align=&#8221;center&#8221; _builder_version=&#8221;4.19.5&#8243; _module_preset=&#8221;default&#8221; max_height=&#8221;12px&#8221; global_colors_info=&#8221;{}&#8221;][\/et_pb_image][et_pb_text _builder_version=&#8221;4.19.5&#8243; _module_preset=&#8221;5c0993f4-33b7-437d-9ca1-890d2da829c3&#8243; text_orientation=&#8221;center&#8221; custom_margin=&#8221;||10px||false|false&#8221; global_colors_info=&#8221;{}&#8221;]<\/p>\n<h2>FAQ<\/h2>\n<p>[\/et_pb_text][et_pb_accordion toggle_icon=&#8221;&#x50;||divi||400&#8243; _builder_version=&#8221;4.27.4&#8243; _module_preset=&#8221;1c24cead-a2a2-43be-ad6f-0808ccfb6e0a&#8221; locked=&#8221;off&#8221; global_colors_info=&#8221;{%22gcid-0b738e94-8a5e-4e5c-8969-81d151b757fa%22:%91%22border_color_all%22,%22border_color_all%22,%22border_color_all%22,%22border_color_all%22,%22border_color_all%22,%22border_color_all%22,%22border_color_all%22,%22border_color_all%22,%22border_color_all%22,%22border_color_all%22,%22border_color_all%22,%22border_color_all%22,%22border_color_all%22,%22border_color_all%22,%22border_color_all%22,%22border_color_all%22,%22border_color_all%22,%22border_color_all%22,%22border_color_all%22,%22border_color_all%22,%22border_color_all%22,%22border_color_all%22,%22border_color_all%22,%22border_color_all%22,%22border_color_all%22,%22border_color_all%22,%22border_color_all%22,%22border_color_all%22,%22border_color_all%22,%22border_color_all%22,%22border_color_all%22,%22border_color_all%22,%22border_color_all%22,%22border_color_all%22,%22border_color_all%22,%22border_color_all%22,%22border_color_all%22,%22border_color_all%22,%22border_color_all%22,%22border_color_all%22,%22border_color_all%22,%22border_color_all%22,%22border_color_all%22,%22border_color_all%22,%22border_color_all%22,%22border_color_all%22,%22border_color_all%22,%22border_color_all%22,%22border_color_all%22,%22border_color_all%22,%22border_color_all%22,%22border_color_all%22,%22border_color_all%22,%22border_color_all%22,%22border_color_all%22,%22border_color_all%22,%22border_color_all%22,%22border_color_all%22,%22border_color_all%22,%22border_color_all%22,%22border_color_all%22,%22border_color_all%22,%22border_color_all%22,%22border_color_all%22,%22border_color_all%22,%22border_color_all%22,%22border_color_all%22,%22border_color_all%22,%22border_color_all%22,%22border_color_all%22,%22border_color_all%22,%22border_color_all%22,%22border_color_all%22,%22border_color_all%22,%22border_color_all%22,%22border_color_all%22,%22border_color_all%22,%22border_color_all%22,%22border_color_all%22,%22border_color_all%22,%22border_color_all%22,%22border_color_all%22,%22border_color_all%22,%22border_color_all%22,%22border_color_all%22%93}&#8221; border_width_all=&#8221;0px&#8221; border_color_all=&#8221;#ca5500&#8243; border_width_bottom=&#8221;1px&#8221;][et_pb_accordion_item title=&#8221;Chi pu\u00f2 iscriversi al percorso GraviDanza?&#8221; open=&#8221;off&#8221; _builder_version=&#8221;4.27.4&#8243; _module_preset=&#8221;930c08b0-8bed-4e99-8ccc-02b3e66d7b1b&#8221; global_colors_info=&#8221;{}&#8221;]<\/p>\n<p><em>GraviDanza<\/em> si svolge in un arco temporale di otto settimane ed \u00e8 relativo a tutto il periodo prenatale, per cui \u00e8 indirizzato a neomamme in fase gestazionale di massimo 30 settimane, ed \u00e8 aperto anche ai neopap\u00e0.<\/p>\n<p>[\/et_pb_accordion_item][et_pb_accordion_item title=&#8221;Quando posso iscrivermi?&#8221; _builder_version=&#8221;4.27.3&#8243; _module_preset=&#8221;930c08b0-8bed-4e99-8ccc-02b3e66d7b1b&#8221; global_colors_info=&#8221;{}&#8221; open=&#8221;on&#8221;]<\/p>\n<p>I gruppi vengono organizzati sulla base di una lista d&#8217;attesa. Contattami quando vuoi per sapere se c&#8217;\u00e8 un gruppo in partenza e per avere informazioni.<\/p>\n<p>[\/et_pb_accordion_item][et_pb_accordion_item title=&#8221;Com&#8217;\u00e8 strutturato il percorso?&#8221; _builder_version=&#8221;4.19.5&#8243; _module_preset=&#8221;930c08b0-8bed-4e99-8ccc-02b3e66d7b1b&#8221; global_colors_info=&#8221;{}&#8221; open=&#8221;off&#8221;]<\/p>\n<p><em>GraviDanza <\/em>prevede otto incontri settimanali o bisettimanali da 1h e mezza. Ogni incontro ha una tematica di sfondo e una serie di modalit\u00e0 per esplorarla e discuterne. Contattami per il programma dettagliato.<\/p>\n<p>[\/et_pb_accordion_item][et_pb_accordion_item title=&#8221;Come viene garantita la privacy?&#8221; _builder_version=&#8221;4.27.4&#8243; _module_preset=&#8221;930c08b0-8bed-4e99-8ccc-02b3e66d7b1b&#8221; global_colors_info=&#8221;{}&#8221; open=&#8221;off&#8221;]<\/p>\n<p>La\/o psicologa\/o, per esercitare, deve essere necessariamente iscritto all&#8217;Ordine regionale di riferimento. In quanto iscritto, il professionista risponde ad un codice deontologico preciso, dettagliato e costantemente aggiornato, che riguarda anche questioni di privacy e consenso. <span style=\"color: #000000;\"><a href=\"https:\/\/www.themindedbaby.it\/index.php\/link-utili-e-indirizzo\/\" style=\"color: #000000;\"><strong><span style=\"text-decoration: underline;\">Qui<\/span> <\/strong><\/a><\/span>puoi trovare tutti i link che certificano i miei titoli. La domanda \u00e8 legittima e molto importante, in quanto avere la possibilit\u00e0 di informarsi a riguardo consente al cittadino di riconoscere i professionisti realmente qualificati al sostegno e alla terapia!<\/p>\n<p>[\/et_pb_accordion_item][\/et_pb_accordion][\/et_pb_column][\/et_pb_row][\/et_pb_section][et_pb_section fb_built=&#8221;1&#8243; admin_label=&#8221;Footer&#8221; _builder_version=&#8221;4.27.4&#8243; _module_preset=&#8221;default&#8221; background_color=&#8221;#082125&#8243; background_image=&#8221;https:\/\/www.themindedbaby.it\/wp-content\/uploads\/2024\/11\/image5.jpeg&#8221; background_size=&#8221;initial&#8221; background_position=&#8221;bottom_center&#8221; background_blend=&#8221;overlay&#8221; saved_tabs=&#8221;all&#8221; locked=&#8221;off&#8221; collapsed=&#8221;on&#8221; global_colors_info=&#8221;{}&#8221;][et_pb_row _builder_version=&#8221;4.19.5&#8243; _module_preset=&#8221;default&#8221; max_width=&#8221;800px&#8221; custom_margin=&#8221;||30px||false|false&#8221; global_colors_info=&#8221;{}&#8221;][et_pb_column type=&#8221;4_4&#8243; _builder_version=&#8221;4.19.5&#8243; _module_preset=&#8221;default&#8221; global_colors_info=&#8221;{}&#8221;][et_pb_image src=&#8221;https:\/\/www.themindedbaby.it\/wp-content\/uploads\/2024\/11\/plant_flower_nature_abstract_vegetation_flora_icon_181457.png&#8221; title_text=&#8221;plant_flower_nature_abstract_vegetation_flora_icon_181457&#8243; align=&#8221;center&#8221; _builder_version=&#8221;4.27.2&#8243; _module_preset=&#8221;default&#8221; width=&#8221;47%&#8221; max_width=&#8221;100%&#8221; min_height=&#8221;90px&#8221; height=&#8221;2px&#8221; max_height=&#8221;2px&#8221; custom_margin=&#8221;-2px||15px||false|false&#8221; filter_saturate=&#8221;145%&#8221; filter_opacity=&#8221;65%&#8221; locked=&#8221;off&#8221; global_colors_info=&#8221;{}&#8221;][\/et_pb_image][et_pb_text _builder_version=&#8221;4.19.5&#8243; _module_preset=&#8221;ae8d9720-5933-4c15-9ba7-8ce0451cc299&#8243; header_2_text_color=&#8221;gcid-f743be1f-46bf-4685-bc55-7e8b347eb98d&#8221; text_orientation=&#8221;center&#8221; locked=&#8221;off&#8221; global_colors_info=&#8221;{%22gcid-f743be1f-46bf-4685-bc55-7e8b347eb98d%22:%91%22header_2_text_color%22%93}&#8221;]<\/p>\n<h2>Vieni a conoscermi!<\/h2>\n<p>[\/et_pb_text][et_pb_button button_url=&#8221;@ET-DC@eyJkeW5hbWljIjp0cnVlLCJjb250ZW50IjoicG9zdF9saW5rX3VybF9wYWdlIiwic2V0dGluZ3MiOnsicG9zdF9pZCI6IjE0MCJ9fQ==@&#8221; url_new_window=&#8221;on&#8221; button_text=&#8221;Chiedi informazioni e iscriviti&#8221; button_alignment=&#8221;center&#8221; _builder_version=&#8221;4.27.4&#8243; _dynamic_attributes=&#8221;button_url&#8221; _module_preset=&#8221;f82a6d95-34ce-4216-844a-5f0aaa7b0586&#8243; global_colors_info=&#8221;{}&#8221;][\/et_pb_button][\/et_pb_column][\/et_pb_row][\/et_pb_section][et_pb_section fb_built=&#8221;1&#8243; admin_label=&#8221;Footer&#8221; _builder_version=&#8221;4.19.5&#8243; _module_preset=&#8221;default&#8221; background_color=&#8221;#082125&#8243; background_image=&#8221;https:\/\/www.themindedbaby.it\/wp-content\/uploads\/2024\/10\/health-clinic-6.png&#8221; background_size=&#8221;initial&#8221; background_position=&#8221;bottom_center&#8221; custom_padding=&#8221;||0px|||&#8221; saved_tabs=&#8221;all&#8221; locked=&#8221;off&#8221; collapsed=&#8221;on&#8221; global_colors_info=&#8221;{}&#8221;][et_pb_row column_structure=&#8221;1_3,1_3,1_3&#8243; _builder_version=&#8221;4.19.5&#8243; _module_preset=&#8221;default&#8221; custom_padding=&#8221;||||false|false&#8221; global_colors_info=&#8221;{}&#8221;][et_pb_column type=&#8221;1_3&#8243; _builder_version=&#8221;4.19.5&#8243; _module_preset=&#8221;default&#8221; global_colors_info=&#8221;{}&#8221;][et_pb_text _builder_version=&#8221;4.27.3&#8243; _module_preset=&#8221;216171a7-251d-4586-985c-538a3ee9cb18&#8243; header_4_text_color=&#8221;gcid-f743be1f-46bf-4685-bc55-7e8b347eb98d&#8221; global_colors_info=&#8221;{%22gcid-f743be1f-46bf-4685-bc55-7e8b347eb98d%22:%91%22header_4_text_color%22%93}&#8221;]<\/p>\n<h4>Contatti<\/h4>\n<p>[\/et_pb_text][et_pb_text _builder_version=&#8221;4.27.4&#8243; _module_preset=&#8221;bacfe805-e638-4e3d-9c01-f7f134903cef&#8221; header_3_text_color=&#8221;#FFFFFF&#8221; custom_margin=&#8221;||0px||false|false&#8221; global_colors_info=&#8221;{}&#8221;]<\/p>\n<h3><span style=\"color: #ffffff;\"><a href=\"tel:3514006715\" style=\"color: #ffffff;\">351 4006715<\/a><\/span><\/h3>\n<p>[\/et_pb_text][et_pb_text _builder_version=&#8221;4.27.4&#8243; _module_preset=&#8221;88ee1f59-e020-4150-b003-05437d932202&#8243; text_text_color=&#8221;#FFFFFF&#8221; link_text_color=&#8221;#FFFFFF&#8221; global_colors_info=&#8221;{}&#8221;]<a href=\"mailto:lisabiondi6@gmail.com\">lisabiondi6@gmail.com<\/a>[\/et_pb_text][et_pb_social_media_follow icon_color=&#8221;gcid-0b738e94-8a5e-4e5c-8969-81d151b757fa&#8221; _builder_version=&#8221;4.27.4&#8243; _module_preset=&#8221;default&#8221; locked=&#8221;off&#8221; global_colors_info=&#8221;{%22gcid-0b738e94-8a5e-4e5c-8969-81d151b757fa%22:%91%22icon_color%22%93}&#8221;][et_pb_social_media_follow_network social_network=&#8221;instagram&#8221; url=&#8221;https:\/\/www.instagram.com\/themindedbaby\/&#8221; _builder_version=&#8221;4.27.4&#8243; _module_preset=&#8221;default&#8221; global_colors_info=&#8221;{}&#8221; follow_button=&#8221;off&#8221; url_new_window=&#8221;on&#8221;]instagram[\/et_pb_social_media_follow_network][\/et_pb_social_media_follow][\/et_pb_column][et_pb_column type=&#8221;1_3&#8243; _builder_version=&#8221;4.19.5&#8243; _module_preset=&#8221;default&#8221; global_colors_info=&#8221;{}&#8221;][et_pb_text _builder_version=&#8221;4.27.4&#8243; _module_preset=&#8221;88ee1f59-e020-4150-b003-05437d932202&#8243; link_text_color=&#8221;#FFFFFF&#8221; custom_margin=&#8221;||10px||false|false&#8221; global_colors_info=&#8221;{}&#8221;]<a href=\"https:\/\/www.themindedbaby.it\/#area-servizi\">Servizi<\/a>[\/et_pb_text][et_pb_text _builder_version=&#8221;4.27.4&#8243; _module_preset=&#8221;88ee1f59-e020-4150-b003-05437d932202&#8243; link_text_color=&#8221;#FFFFFF&#8221; custom_margin=&#8221;||10px||false|false&#8221; link_option_url=&#8221;https:\/\/www.themindedbaby.it\/index.php\/su-di-me\/&#8221; global_colors_info=&#8221;{}&#8221;]<a href=\"https:\/\/www.themindedbaby.it\/index.php\/su-di-me\/\">Su di me<\/a>[\/et_pb_text][et_pb_text _builder_version=&#8221;4.27.4&#8243; _dynamic_attributes=&#8221;link_option_url&#8221; _module_preset=&#8221;88ee1f59-e020-4150-b003-05437d932202&#8243; link_text_color=&#8221;#FFFFFF&#8221; custom_margin=&#8221;||10px||false|false&#8221; link_option_url=&#8221;@ET-DC@eyJkeW5hbWljIjp0cnVlLCJjb250ZW50IjoicG9zdF9saW5rX3VybF9wYWdlIiwic2V0dGluZ3MiOnsicG9zdF9pZCI6IjMwNyJ9fQ==@&#8221; global_colors_info=&#8221;{}&#8221;]<a href=\"https:\/\/www.themindedbaby.it\/index.php\/the-minded-baby-2\/\">Il progetto<\/a>[\/et_pb_text][et_pb_text _builder_version=&#8221;4.27.4&#8243; _dynamic_attributes=&#8221;link_option_url&#8221; _module_preset=&#8221;88ee1f59-e020-4150-b003-05437d932202&#8243; link_text_color=&#8221;#FFFFFF&#8221; custom_margin=&#8221;||10px||false|false&#8221; link_option_url=&#8221;@ET-DC@eyJkeW5hbWljIjp0cnVlLCJjb250ZW50IjoicG9zdF9saW5rX3VybF9wYWdlIiwic2V0dGluZ3MiOnsicG9zdF9pZCI6IjE0MCJ9fQ==@&#8221; global_colors_info=&#8221;{}&#8221;]<a href=\"https:\/\/www.themindedbaby.it\/index.php\/contatti\/\">Contatti<\/a>[\/et_pb_text][et_pb_text _builder_version=&#8221;4.27.4&#8243; _dynamic_attributes=&#8221;link_option_url&#8221; _module_preset=&#8221;88ee1f59-e020-4150-b003-05437d932202&#8243; link_text_color=&#8221;#FFFFFF&#8221; custom_margin=&#8221;||10px||false|false&#8221; link_option_url=&#8221;@ET-DC@eyJkeW5hbWljIjp0cnVlLCJjb250ZW50IjoicG9zdF9saW5rX3VybF9wYWdlIiwic2V0dGluZ3MiOnsicG9zdF9pZCI6IjIxOCJ9fQ==@&#8221; global_colors_info=&#8221;{}&#8221;]<a href=\"https:\/\/www.themindedbaby.it\/index.php\/link-utili-e-indirizzo\/\">Dove trovarmi<\/a>[\/et_pb_text][\/et_pb_column][et_pb_column type=&#8221;1_3&#8243; _builder_version=&#8221;4.19.5&#8243; _module_preset=&#8221;default&#8221; global_colors_info=&#8221;{}&#8221;][et_pb_text _builder_version=&#8221;4.27.4&#8243; _dynamic_attributes=&#8221;link_option_url&#8221; _module_preset=&#8221;88ee1f59-e020-4150-b003-05437d932202&#8243; text_text_color=&#8221;#FFFFFF&#8221; link_text_color=&#8221;#FFFFFF&#8221; custom_margin=&#8221;||10px||false|false&#8221; link_option_url=&#8221;@ET-DC@eyJkeW5hbWljIjp0cnVlLCJjb250ZW50IjoicG9zdF9saW5rX3VybF9wYWdlIiwic2V0dGluZ3MiOnsicG9zdF9pZCI6IjU3NiJ9fQ==@&#8221; locked=&#8221;off&#8221; global_colors_info=&#8221;{}&#8221;]<\/p>\n<p>Cookie policy (UE)<\/p>\n<p>[\/et_pb_text][\/et_pb_column][\/et_pb_row][et_pb_row _builder_version=&#8221;4.19.5&#8243; _module_preset=&#8221;default&#8221; global_colors_info=&#8221;{}&#8221;][et_pb_column type=&#8221;4_4&#8243; _builder_version=&#8221;4.19.5&#8243; _module_preset=&#8221;default&#8221; global_colors_info=&#8221;{}&#8221;][et_pb_text _builder_version=&#8221;4.19.5&#8243; _dynamic_attributes=&#8221;content&#8221; _module_preset=&#8221;35894622-78f5-4ffb-aad3-33371e758dc0&#8243; text_text_color=&#8221;#D2D0BB&#8221; text_orientation=&#8221;center&#8221; global_colors_info=&#8221;{}&#8221;]@ET-DC@eyJkeW5hbWljIjp0cnVlLCJjb250ZW50IjoiY3VycmVudF9kYXRlIiwic2V0dGluZ3MiOnsiYmVmb3JlIjoiQ29weXJpZ2h0ICZjb3B5OyAiLCJhZnRlciI6IiBEaXZpLiBBbGwgUmlnaHRzIFJlc2VydmVkLiIsImRhdGVfZm9ybWF0IjoiY3VzdG9tIiwiY3VzdG9tX2RhdGVfZm9ybWF0IjoiWSJ9fQ==@[\/et_pb_text][\/et_pb_column][\/et_pb_row][\/et_pb_section]<\/p>\n","protected":false},"excerpt":{"rendered":"<p>GraviDanza&nbsp; Danziamo insieme, alla scoperta del viaggio sensoriale del tuo bambino.Danziamo, osserviamo, ascoltiamo, parliamo, esprimiamoci insieme ai bambini che, ancora dentro il corpo della mamma, stanno gi\u00e0 sperimentando una vita sensoriale incredibile. Il movimento danzato porta benessere psicofisico, e permette al corpo di arrivare dove la parola non giunge. &nbsp;Muovere il corpo permette di rientrare [&hellip;]<\/p>\n","protected":false},"author":1,"featured_media":0,"parent":0,"menu_order":0,"comment_status":"closed","ping_status":"closed","template":"","meta":{"_et_pb_use_builder":"on","_et_pb_old_content":"","_et_gb_content_width":"","footnotes":""},"class_list":["post-339","page","type-page","status-publish","hentry"],"_links":{"self":[{"href":"https:\/\/www.themindedbaby.it\/index.php\/wp-json\/wp\/v2\/pages\/339","targetHints":{"allow":["GET"]}}],"collection":[{"href":"https:\/\/www.themindedbaby.it\/index.php\/wp-json\/wp\/v2\/pages"}],"about":[{"href":"https:\/\/www.themindedbaby.it\/index.php\/wp-json\/wp\/v2\/types\/page"}],"author":[{"embeddable":true,"href":"https:\/\/www.themindedbaby.it\/index.php\/wp-json\/wp\/v2\/users\/1"}],"replies":[{"embeddable":true,"href":"https:\/\/www.themindedbaby.it\/index.php\/wp-json\/wp\/v2\/comments?post=339"}],"version-history":[{"count":17,"href":"https:\/\/www.themindedbaby.it\/index.php\/wp-json\/wp\/v2\/pages\/339\/revisions"}],"predecessor-version":[{"id":602,"href":"https:\/\/www.themindedbaby.it\/index.php\/wp-json\/wp\/v2\/pages\/339\/revisions\/602"}],"wp:attachment":[{"href":"https:\/\/www.themindedbaby.it\/index.php\/wp-json\/wp\/v2\/media?parent=339"}],"curies":[{"name":"wp","href":"https:\/\/api.w.org\/{rel}","templated":true}]}}