{"id":307,"date":"2025-07-23T22:14:44","date_gmt":"2025-07-23T20:14:44","guid":{"rendered":"http:\/\/www.themindedbaby.it\/?page_id=307"},"modified":"2025-09-01T18:31:29","modified_gmt":"2025-09-01T16:31:29","slug":"the-minded-baby-2","status":"publish","type":"page","link":"https:\/\/www.themindedbaby.it\/index.php\/the-minded-baby-2\/","title":{"rendered":"The minded baby"},"content":{"rendered":"<p>[et_pb_section fb_built=&#8221;1&#8243; admin_label=&#8221;Header&#8221; _builder_version=&#8221;4.19.5&#8243; _module_preset=&#8221;default&#8221; background_color=&#8221;gcid-4dccef5c-a04c-4e7c-abbe-b1e880c58010&#8243; collapsed=&#8221;on&#8221; global_colors_info=&#8221;{%22gcid-4dccef5c-a04c-4e7c-abbe-b1e880c58010%22:%91%22background_color%22%93}&#8221;][et_pb_row _builder_version=&#8221;4.19.5&#8243; _module_preset=&#8221;default&#8221; max_width=&#8221;700px&#8221; global_colors_info=&#8221;{}&#8221;][et_pb_column type=&#8221;4_4&#8243; _builder_version=&#8221;4.19.5&#8243; _module_preset=&#8221;default&#8221; global_colors_info=&#8221;{}&#8221;][et_pb_text _builder_version=&#8221;4.19.5&#8243; _module_preset=&#8221;a4ba5ae6-1ff0-4779-990e-3ec32e78b751&#8243; header_text_color=&#8221;gcid-f743be1f-46bf-4685-bc55-7e8b347eb98d&#8221; text_orientation=&#8221;center&#8221; custom_margin=&#8221;||10px||false|false&#8221; global_colors_info=&#8221;{%22gcid-f743be1f-46bf-4685-bc55-7e8b347eb98d%22:%91%22header_text_color%22%93}&#8221;]<\/p>\n<h1>the minded baby<\/h1>\n<p>[\/et_pb_text][et_pb_image src=&#8221;http:\/\/www.themindedbaby.it\/wp-content\/uploads\/2025\/09\/the-minded-baby-1.png&#8221; _builder_version=&#8221;4.27.4&#8243; _module_preset=&#8221;default&#8221; title_text=&#8221;the minded baby (1)&#8221; hover_enabled=&#8221;0&#8243; sticky_enabled=&#8221;0&#8243; align=&#8221;center&#8221; width=&#8221;29%&#8221;][\/et_pb_image][et_pb_text _builder_version=&#8221;4.27.3&#8243; _module_preset=&#8221;88ee1f59-e020-4150-b003-05437d932202&#8243; text_text_color=&#8221;#FFFFFF&#8221; custom_padding=&#8221;10px||9px|||&#8221; locked=&#8221;off&#8221; global_colors_info=&#8221;{}&#8221;]<\/p>\n<p style=\"text-align: center;\">Quante cose succedono quando un piccolo essere umano inizia a svilupparsi?\u00a0Quale ruolo possono avere le persone che lo circondano?<\/p>\n<p>[\/et_pb_text][et_pb_text _builder_version=&#8221;4.27.3&#8243; _module_preset=&#8221;88ee1f59-e020-4150-b003-05437d932202&#8243; text_text_color=&#8221;#FFFFFF&#8221; custom_margin=&#8221;-21px|||||&#8221; custom_padding=&#8221;||0px|||&#8221; locked=&#8221;off&#8221; global_colors_info=&#8221;{}&#8221;]<\/p>\n<p style=\"text-align: center;\"><strong><em>the minded baby<\/em><\/strong> \u00e8 un progetto di sensibilizzazione a lungo termine. <span>\u00c8 il sogno che ogni persona inizi il proprio percorso di vita come <strong>bambino pensato<\/strong>.<\/span><\/p>\n<p>[\/et_pb_text][\/et_pb_column][\/et_pb_row][\/et_pb_section][et_pb_section fb_built=&#8221;1&#8243; admin_label=&#8221;About&#8221; _builder_version=&#8221;4.19.5&#8243; _module_preset=&#8221;default&#8221; background_color=&#8221;gcid-9464c34f-f9ff-43eb-9668-c958662e33fc&#8221; locked=&#8221;off&#8221; collapsed=&#8221;on&#8221; global_colors_info=&#8221;{%22gcid-9464c34f-f9ff-43eb-9668-c958662e33fc%22:%91%22background_color%22%93}&#8221;][et_pb_row column_structure=&#8221;1_2,1_2&#8243; make_equal=&#8221;on&#8221; _builder_version=&#8221;4.19.5&#8243; _module_preset=&#8221;default&#8221; global_colors_info=&#8221;{}&#8221;][et_pb_column type=&#8221;1_2&#8243; _builder_version=&#8221;4.19.5&#8243; _module_preset=&#8221;default&#8221; global_colors_info=&#8221;{}&#8221;][et_pb_image src=&#8221;https:\/\/www.themindedbaby.it\/wp-content\/uploads\/2024\/10\/health-clinic-1.png&#8221; title_text=&#8221;health-clinic-1&#8243; _builder_version=&#8221;4.19.5&#8243; _module_preset=&#8221;default&#8221; max_height=&#8221;12px&#8221; locked=&#8221;off&#8221; global_colors_info=&#8221;{}&#8221;][\/et_pb_image][et_pb_text _builder_version=&#8221;4.19.5&#8243; _module_preset=&#8221;58a59613-40c1-4f75-88a2-fde0f277c43c&#8221; custom_margin=&#8221;||10px||false|false&#8221; global_colors_info=&#8221;{}&#8221;]<\/p>\n<h2>Il costrutto della mind-mindedness<\/h2>\n<p>[\/et_pb_text][et_pb_text _builder_version=&#8221;4.19.5&#8243; _module_preset=&#8221;0a029468-f38b-421d-9610-c516ae1ae73a&#8221; global_colors_info=&#8221;{}&#8221;]<\/p>\n<p><em>To mind the baby<\/em> significa fare attenzione, badare, occuparsi, avere cura della mente del proprio bambino.<\/p>\n<p>Il costrutto della <strong><em>mind-mindedness<\/em><\/strong> indica proprio la propensione del caregiver a trattare il bambino come un individuo dotato di una mente, che non ha solo bisogno dell&#8217;adulto, ma percepisce, intende, desidera, reagisce all&#8217;adulto e all&#8217;ambiente che lo circonda.<\/p>\n<p>La ricerca indica che l&#8217;adozione di un simile approccio nei confronti del bambino ha un legame con uno sviluppo meno ostacolato e tardivo di:<\/p>\n<ul>\n<li>Una buona <strong>regolazione affettiva<\/strong><\/li>\n<li><strong>Abilit\u00e0 <\/strong>adattive <strong>socio-cognitive<\/strong><\/li>\n<li>Un legame di <strong>attaccamento sicuro<\/strong> con i caregiver (rilevato tale seguendo le teorie di riferimento culturalmente situate di Bowlby, Ainsworth e Main)<\/li>\n<li>Autoefficacia percepita, che ha un certo grado di impatto sul livello di <strong>autostima<\/strong> ed i vissuti emotivi ad essa associati<\/li>\n<li>La capacit\u00e0 di <strong>mentalizzazione<\/strong>\u00a0<\/li>\n<\/ul>\n<p>&nbsp;<\/p>\n<p>[\/et_pb_text][\/et_pb_column][et_pb_column type=&#8221;1_2&#8243; _builder_version=&#8221;4.19.5&#8243; _module_preset=&#8221;default&#8221; global_colors_info=&#8221;{}&#8221;][et_pb_image src=&#8221;https:\/\/www.themindedbaby.it\/wp-content\/uploads\/2025\/07\/image1.png&#8221; title_text=&#8221;image1&#8243; _builder_version=&#8221;4.27.3&#8243; _module_preset=&#8221;default&#8221; custom_margin=&#8221;87px||||false|false&#8221; scroll_fade_enable=&#8221;on&#8221; border_radii=&#8221;on|10px|10px|10px|10px&#8221; global_colors_info=&#8221;{}&#8221;][\/et_pb_image][et_pb_image src=&#8221;https:\/\/www.themindedbaby.it\/wp-content\/uploads\/2025\/07\/father-9071931_1280-1.jpg&#8221; title_text=&#8221;father-9071931_1280&#8243; _builder_version=&#8221;4.27.3&#8243; _module_preset=&#8221;default&#8221; custom_margin=&#8221;47px||||false|false&#8221; filter_hue_rotate=&#8221;29deg&#8221; filter_saturate=&#8221;105%&#8221; filter_brightness=&#8221;101%&#8221; filter_opacity=&#8221;79%&#8221; scroll_fade_enable=&#8221;on&#8221; border_radii=&#8221;on|10px|10px|10px|10px&#8221; global_colors_info=&#8221;{}&#8221;][\/et_pb_image][et_pb_image src=&#8221;https:\/\/www.themindedbaby.it\/wp-content\/uploads\/2024\/11\/health-clinic-2.png&#8221; title_text=&#8221;health-clinic-2&#8243; disabled_on=&#8221;on|on|off&#8221; _builder_version=&#8221;4.27.4&#8243; _module_preset=&#8221;default&#8221; positioning=&#8221;absolute&#8221; position_origin_a=&#8221;top_right&#8221; vertical_offset=&#8221;-8%&#8221; horizontal_offset=&#8221;-8%&#8221; width=&#8221;30%&#8221; scroll_vertical_motion_enable=&#8221;on&#8221; scroll_vertical_motion=&#8221;0|50|50|100|1|0|-1&#8243; global_colors_info=&#8221;{}&#8221;][\/et_pb_image][\/et_pb_column][\/et_pb_row][et_pb_row column_structure=&#8221;1_2,1_2&#8243; make_equal=&#8221;on&#8221; _builder_version=&#8221;4.19.5&#8243; _module_preset=&#8221;default&#8221; global_colors_info=&#8221;{}&#8221;][et_pb_column type=&#8221;1_2&#8243; _builder_version=&#8221;4.19.5&#8243; _module_preset=&#8221;default&#8221; global_colors_info=&#8221;{}&#8221;][et_pb_image src=&#8221;https:\/\/www.themindedbaby.it\/wp-content\/uploads\/2024\/11\/health-clinic-2.png&#8221; title_text=&#8221;health-clinic-2&#8243; disabled_on=&#8221;on|on|off&#8221; admin_label=&#8221;Image&#8221; _builder_version=&#8221;4.27.4&#8243; _module_preset=&#8221;default&#8221; positioning=&#8221;absolute&#8221; position_origin_a=&#8221;bottom_left&#8221; vertical_offset=&#8221;-36%&#8221; horizontal_offset=&#8221;-8%&#8221; width=&#8221;30%&#8221; scroll_vertical_motion_enable=&#8221;on&#8221; scroll_vertical_motion=&#8221;0|50|50|100|1|0|-1&#8243; locked=&#8221;off&#8221; global_colors_info=&#8221;{}&#8221;][\/et_pb_image][et_pb_image src=&#8221;https:\/\/www.themindedbaby.it\/wp-content\/uploads\/2025\/07\/IMG_2844.jpg&#8221; title_text=&#8221;IMG_2844&#8243; _builder_version=&#8221;4.27.3&#8243; _module_preset=&#8221;default&#8221; custom_margin=&#8221;-27px||||false|false&#8221; scroll_fade_enable=&#8221;on&#8221; border_radii=&#8221;on|10px|10px|10px|10px&#8221; global_colors_info=&#8221;{}&#8221;][\/et_pb_image][\/et_pb_column][et_pb_column type=&#8221;1_2&#8243; _builder_version=&#8221;4.19.5&#8243; _module_preset=&#8221;default&#8221; global_colors_info=&#8221;{}&#8221;][et_pb_text _builder_version=&#8221;4.19.5&#8243; _module_preset=&#8221;58a59613-40c1-4f75-88a2-fde0f277c43c&#8221; custom_margin=&#8221;|-43px|10px||false|false&#8221; locked=&#8221;off&#8221; global_colors_info=&#8221;{}&#8221;]<\/p>\n<h2>Mentalizzazione e sensibilit\u00e0 generale<\/h2>\n<p>[\/et_pb_text][et_pb_text _builder_version=&#8221;4.19.5&#8243; _module_preset=&#8221;0a029468-f38b-421d-9610-c516ae1ae73a&#8221; locked=&#8221;off&#8221; global_colors_info=&#8221;{}&#8221;]<\/p>\n<p>Il costrutto della <strong><em>m-m<\/em><\/strong> \u00e8 definibile a partire da due costrutti pi\u00f9 ampi:<\/p>\n<ol>\n<li><strong><em>Mentalizzazione<\/em><\/strong>: una forma preconscia di attivit\u00e0 mentale immaginativa, che consente di cogliere, interpretare e predire il comportamento degli altri, i loro bisogni, desideri, emozioni ed intenzioni.<\/li>\n<li><strong><em>Sensibilit\u00e0 generale<\/em><\/strong>: la pi\u00f9 generica capacit\u00e0 del caregiver di cogliere i segnali del bambino e rispondervi adeguatamente.<\/li>\n<\/ol>\n<p>Si pu\u00f2 dire che la <strong><em>m-m<\/em><\/strong> sia una competenza &#8220;ibrida&#8221; che si traduce nell&#8217;interazione concreta con il bambino, per esempio nei momenti di gioco o di conversazione.\u00a0<\/p>\n<p>&nbsp;<\/p>\n<p>[\/et_pb_text][\/et_pb_column][\/et_pb_row][et_pb_row column_structure=&#8221;1_2,1_2&#8243; _builder_version=&#8221;4.27.3&#8243; _module_preset=&#8221;default&#8221; global_colors_info=&#8221;{}&#8221;][et_pb_column type=&#8221;1_2&#8243; _builder_version=&#8221;4.27.3&#8243; _module_preset=&#8221;default&#8221; global_colors_info=&#8221;{}&#8221;][et_pb_text _builder_version=&#8221;4.19.5&#8243; _module_preset=&#8221;58a59613-40c1-4f75-88a2-fde0f277c43c&#8221; custom_margin=&#8221;|-43px|10px||false|false&#8221; locked=&#8221;off&#8221; global_colors_info=&#8221;{}&#8221;]<\/p>\n<h2>Si pu\u00f2 insegnare l&#8217;amore?<\/h2>\n<p>[\/et_pb_text][et_pb_text _builder_version=&#8221;4.19.5&#8243; _module_preset=&#8221;0a029468-f38b-421d-9610-c516ae1ae73a&#8221; locked=&#8221;off&#8221; global_colors_info=&#8221;{}&#8221;]<\/p>\n<p>Serve un corso su questi costrutti per imparare ad amare il proprio bambino come si deve?<\/p>\n<p><strong>Assolutamente NO!<\/strong><\/p>\n<p>Nessuno conosce un essere umano e il modo adeguato per relazionarvisi tanto quanto il suo genitore.<\/p>\n<p><span>\u00c8 pur vero che essere informati permette di passare alcuni messaggi ai propri figli in modo pi\u00f9 efficace, perch\u00e9 consente di trovare le proprie risorse e i propri strumenti per farlo, soprattutto se questi messaggi non sono mai stati passati a noi.<\/span><\/p>\n<p>Moltissimi studi, nei pi\u00f9 diversificati ambiti della psicologia, mettono in evidenza come gli interventi precoci abbiano un enorme impatto a lungo termine sulla prevenzione di disturbi e problematiche.<\/p>\n<p>&nbsp;<\/p>\n<p>[\/et_pb_text][et_pb_image src=&#8221;https:\/\/www.themindedbaby.it\/wp-content\/uploads\/2025\/07\/IMG_2848-1.jpg&#8221; title_text=&#8221;Screenshot&#8221; _builder_version=&#8221;4.27.3&#8243; _module_preset=&#8221;default&#8221; custom_margin=&#8221;-30px||||false|false&#8221; filter_saturate=&#8221;0%&#8221; filter_brightness=&#8221;99%&#8221; filter_invert=&#8221;5%&#8221; filter_sepia=&#8221;14%&#8221; filter_opacity=&#8221;96%&#8221; scroll_fade_enable=&#8221;on&#8221; border_radii=&#8221;on|10px|10px|10px|10px&#8221; global_colors_info=&#8221;{}&#8221;][\/et_pb_image][\/et_pb_column][et_pb_column type=&#8221;1_2&#8243; _builder_version=&#8221;4.27.3&#8243; _module_preset=&#8221;default&#8221; global_colors_info=&#8221;{}&#8221;][et_pb_image src=&#8221;https:\/\/www.themindedbaby.it\/wp-content\/uploads\/2025\/07\/IMG_8577.webp&#8221; title_text=&#8221;IMG_8577&#8243; _builder_version=&#8221;4.27.3&#8243; _module_preset=&#8221;default&#8221; custom_margin=&#8221;135px||||false|false&#8221; scroll_fade_enable=&#8221;on&#8221; border_radii=&#8221;on|10px|10px|10px|10px&#8221; global_colors_info=&#8221;{}&#8221;][\/et_pb_image][et_pb_text _builder_version=&#8221;4.27.4&#8243; _module_preset=&#8221;0a029468-f38b-421d-9610-c516ae1ae73a&#8221; custom_margin=&#8221;59px||||false|false&#8221; locked=&#8221;off&#8221; global_colors_info=&#8221;{}&#8221;]<\/p>\n<p>&nbsp;<\/p>\n<p>Un genitore informato \u00e8 un genitore attento, capace di <strong>vedere <\/strong>il proprio figlio e, quindi, di prendersene cura.<\/p>\n<p>Un figlio <strong>pensato <\/strong>e visto, sar\u00e0 un adulto in grado di fare lo stesso su di s\u00e9 e sugli altri.<\/p>\n<p>L&#8217;obiettivo di <em>the minded baby<\/em> non \u00e8, infatti, quello di insegnare ai genitori come si amano i figli, ma di renderli consapevoli del proprio potenziale come genitori, e dar loro uno spazio diversificato in cui scoprire e scoprirsi, allo scopo di favorire il benessere a lungo termine di tutta la famiglia.<\/p>\n<p>&nbsp;<\/p>\n<p>Scopri <span style=\"color: #000000;\"><strong><a href=\"https:\/\/www.themindedbaby.it\/#area-servizi\" style=\"color: #000000;\"><span style=\"text-decoration: underline;\">qui<\/span> <\/a><\/strong><\/span>i servizi dedicati alla tua scoperta!<\/p>\n<p>&nbsp;<\/p>\n<p>[\/et_pb_text][\/et_pb_column][\/et_pb_row][et_pb_row _builder_version=&#8221;4.27.3&#8243; _module_preset=&#8221;default&#8221; global_colors_info=&#8221;{}&#8221;][et_pb_column type=&#8221;4_4&#8243; _builder_version=&#8221;4.27.3&#8243; _module_preset=&#8221;default&#8221; global_colors_info=&#8221;{}&#8221;][et_pb_image src=&#8221;https:\/\/www.themindedbaby.it\/wp-content\/uploads\/2025\/07\/IMG_2847.jpg&#8221; title_text=&#8221;IMG_2847&#8243; align=&#8221;center&#8221; _builder_version=&#8221;4.27.3&#8243; _module_preset=&#8221;default&#8221; transform_scale=&#8221;62%|62%&#8221; custom_margin=&#8221;-161px||||false|false&#8221; scroll_blur_enable=&#8221;on&#8221; border_radii=&#8221;on|40px|40px|40px|40px&#8221; global_colors_info=&#8221;{}&#8221;][\/et_pb_image][\/et_pb_column][\/et_pb_row][\/et_pb_section][et_pb_section fb_built=&#8221;1&#8243; admin_label=&#8221;Footer&#8221; _builder_version=&#8221;4.27.4&#8243; _module_preset=&#8221;default&#8221; background_color=&#8221;#082125&#8243; background_image=&#8221;https:\/\/www.themindedbaby.it\/wp-content\/uploads\/2024\/11\/image5.jpeg&#8221; background_size=&#8221;initial&#8221; background_position=&#8221;bottom_center&#8221; background_blend=&#8221;overlay&#8221; saved_tabs=&#8221;all&#8221; locked=&#8221;off&#8221; collapsed=&#8221;on&#8221; global_colors_info=&#8221;{}&#8221;][et_pb_row _builder_version=&#8221;4.19.5&#8243; _module_preset=&#8221;default&#8221; max_width=&#8221;800px&#8221; custom_margin=&#8221;||30px||false|false&#8221; global_colors_info=&#8221;{}&#8221;][et_pb_column type=&#8221;4_4&#8243; _builder_version=&#8221;4.19.5&#8243; _module_preset=&#8221;default&#8221; global_colors_info=&#8221;{}&#8221;][et_pb_image src=&#8221;https:\/\/www.themindedbaby.it\/wp-content\/uploads\/2024\/11\/plant_flower_nature_abstract_vegetation_flora_icon_181457.png&#8221; title_text=&#8221;plant_flower_nature_abstract_vegetation_flora_icon_181457&#8243; align=&#8221;center&#8221; _builder_version=&#8221;4.27.2&#8243; _module_preset=&#8221;default&#8221; width=&#8221;47%&#8221; max_width=&#8221;100%&#8221; min_height=&#8221;90px&#8221; height=&#8221;2px&#8221; max_height=&#8221;2px&#8221; custom_margin=&#8221;-2px||15px||false|false&#8221; filter_saturate=&#8221;145%&#8221; filter_opacity=&#8221;65%&#8221; locked=&#8221;off&#8221; global_colors_info=&#8221;{}&#8221;][\/et_pb_image][et_pb_text _builder_version=&#8221;4.19.5&#8243; _module_preset=&#8221;ae8d9720-5933-4c15-9ba7-8ce0451cc299&#8243; header_2_text_color=&#8221;gcid-f743be1f-46bf-4685-bc55-7e8b347eb98d&#8221; text_orientation=&#8221;center&#8221; locked=&#8221;off&#8221; global_colors_info=&#8221;{%22gcid-f743be1f-46bf-4685-bc55-7e8b347eb98d%22:%91%22header_2_text_color%22%93}&#8221;]<\/p>\n<h2>Vieni a conoscermi!<\/h2>\n<p>[\/et_pb_text][et_pb_button button_url=&#8221;@ET-DC@eyJkeW5hbWljIjp0cnVlLCJjb250ZW50IjoicG9zdF9saW5rX3VybF9wYWdlIiwic2V0dGluZ3MiOnsicG9zdF9pZCI6IjE0MCJ9fQ==@&#8221; url_new_window=&#8221;on&#8221; button_text=&#8221;Prenota un appuntamento&#8221; button_alignment=&#8221;center&#8221; _builder_version=&#8221;4.27.4&#8243; _dynamic_attributes=&#8221;button_url&#8221; _module_preset=&#8221;f82a6d95-34ce-4216-844a-5f0aaa7b0586&#8243; global_colors_info=&#8221;{}&#8221;][\/et_pb_button][\/et_pb_column][\/et_pb_row][\/et_pb_section][et_pb_section fb_built=&#8221;1&#8243; admin_label=&#8221;Footer&#8221; _builder_version=&#8221;4.19.5&#8243; _module_preset=&#8221;default&#8221; background_color=&#8221;#082125&#8243; background_image=&#8221;https:\/\/www.themindedbaby.it\/wp-content\/uploads\/2024\/10\/health-clinic-6.png&#8221; background_size=&#8221;initial&#8221; background_position=&#8221;bottom_center&#8221; custom_padding=&#8221;||0px|||&#8221; saved_tabs=&#8221;all&#8221; locked=&#8221;off&#8221; collapsed=&#8221;on&#8221; global_colors_info=&#8221;{}&#8221;][et_pb_row column_structure=&#8221;1_3,1_3,1_3&#8243; _builder_version=&#8221;4.19.5&#8243; _module_preset=&#8221;default&#8221; custom_padding=&#8221;||||false|false&#8221; global_colors_info=&#8221;{}&#8221;][et_pb_column type=&#8221;1_3&#8243; _builder_version=&#8221;4.19.5&#8243; _module_preset=&#8221;default&#8221; global_colors_info=&#8221;{}&#8221;][et_pb_text _builder_version=&#8221;4.27.3&#8243; _module_preset=&#8221;216171a7-251d-4586-985c-538a3ee9cb18&#8243; header_4_text_color=&#8221;gcid-f743be1f-46bf-4685-bc55-7e8b347eb98d&#8221; global_colors_info=&#8221;{%22gcid-f743be1f-46bf-4685-bc55-7e8b347eb98d%22:%91%22header_4_text_color%22%93}&#8221;]<\/p>\n<h4>Contatti<\/h4>\n<p>[\/et_pb_text][et_pb_text _builder_version=&#8221;4.27.4&#8243; _module_preset=&#8221;bacfe805-e638-4e3d-9c01-f7f134903cef&#8221; header_3_text_color=&#8221;#FFFFFF&#8221; custom_margin=&#8221;||0px||false|false&#8221; global_colors_info=&#8221;{}&#8221;]<\/p>\n<h3><span style=\"color: #ffffff;\"><a href=\"tel:3514006715\" style=\"color: #ffffff;\">351 4006715<\/a><\/span><\/h3>\n<p>[\/et_pb_text][et_pb_text _builder_version=&#8221;4.27.4&#8243; _module_preset=&#8221;88ee1f59-e020-4150-b003-05437d932202&#8243; text_text_color=&#8221;#FFFFFF&#8221; link_text_color=&#8221;#FFFFFF&#8221; global_colors_info=&#8221;{}&#8221;]<a href=\"mailto:lisabiondi6@gmail.com\">lisabiondi6@gmail.com<\/a>[\/et_pb_text][et_pb_social_media_follow icon_color=&#8221;gcid-0b738e94-8a5e-4e5c-8969-81d151b757fa&#8221; _builder_version=&#8221;4.27.4&#8243; _module_preset=&#8221;default&#8221; locked=&#8221;off&#8221; global_colors_info=&#8221;{%22gcid-0b738e94-8a5e-4e5c-8969-81d151b757fa%22:%91%22icon_color%22%93}&#8221;][et_pb_social_media_follow_network social_network=&#8221;instagram&#8221; url=&#8221;https:\/\/www.instagram.com\/themindedbaby\/&#8221; _builder_version=&#8221;4.27.4&#8243; _module_preset=&#8221;default&#8221; global_colors_info=&#8221;{}&#8221; follow_button=&#8221;off&#8221; url_new_window=&#8221;on&#8221;]instagram[\/et_pb_social_media_follow_network][\/et_pb_social_media_follow][\/et_pb_column][et_pb_column type=&#8221;1_3&#8243; _builder_version=&#8221;4.19.5&#8243; _module_preset=&#8221;default&#8221; global_colors_info=&#8221;{}&#8221;][et_pb_text _builder_version=&#8221;4.27.4&#8243; _module_preset=&#8221;88ee1f59-e020-4150-b003-05437d932202&#8243; link_text_color=&#8221;#FFFFFF&#8221; custom_margin=&#8221;||10px||false|false&#8221; global_colors_info=&#8221;{}&#8221;]<a href=\"https:\/\/www.themindedbaby.it\/#area-servizi\">Servizi<\/a>[\/et_pb_text][et_pb_text _builder_version=&#8221;4.27.4&#8243; _module_preset=&#8221;88ee1f59-e020-4150-b003-05437d932202&#8243; link_text_color=&#8221;#FFFFFF&#8221; custom_margin=&#8221;||10px||false|false&#8221; link_option_url=&#8221;https:\/\/www.themindedbaby.it\/index.php\/su-di-me\/&#8221; global_colors_info=&#8221;{}&#8221;]<a href=\"https:\/\/www.themindedbaby.it\/index.php\/su-di-me\/\">Su di me<\/a>[\/et_pb_text][et_pb_text _builder_version=&#8221;4.27.4&#8243; _dynamic_attributes=&#8221;link_option_url&#8221; _module_preset=&#8221;88ee1f59-e020-4150-b003-05437d932202&#8243; link_text_color=&#8221;#FFFFFF&#8221; custom_margin=&#8221;||10px||false|false&#8221; link_option_url=&#8221;@ET-DC@eyJkeW5hbWljIjp0cnVlLCJjb250ZW50IjoicG9zdF9saW5rX3VybF9wYWdlIiwic2V0dGluZ3MiOnsicG9zdF9pZCI6IjMwNyJ9fQ==@&#8221; global_colors_info=&#8221;{}&#8221;]<a href=\"https:\/\/www.themindedbaby.it\/index.php\/the-minded-baby-2\/\">Il progetto<\/a>[\/et_pb_text][et_pb_text _builder_version=&#8221;4.27.4&#8243; _dynamic_attributes=&#8221;link_option_url&#8221; _module_preset=&#8221;88ee1f59-e020-4150-b003-05437d932202&#8243; link_text_color=&#8221;#FFFFFF&#8221; custom_margin=&#8221;||10px||false|false&#8221; link_option_url=&#8221;@ET-DC@eyJkeW5hbWljIjp0cnVlLCJjb250ZW50IjoicG9zdF9saW5rX3VybF9wYWdlIiwic2V0dGluZ3MiOnsicG9zdF9pZCI6IjE0MCJ9fQ==@&#8221; global_colors_info=&#8221;{}&#8221;]<a href=\"https:\/\/www.themindedbaby.it\/index.php\/contatti\/\">Contatti<\/a>[\/et_pb_text][et_pb_text _builder_version=&#8221;4.27.4&#8243; _dynamic_attributes=&#8221;link_option_url&#8221; _module_preset=&#8221;88ee1f59-e020-4150-b003-05437d932202&#8243; link_text_color=&#8221;#FFFFFF&#8221; custom_margin=&#8221;||10px||false|false&#8221; link_option_url=&#8221;@ET-DC@eyJkeW5hbWljIjp0cnVlLCJjb250ZW50IjoicG9zdF9saW5rX3VybF9wYWdlIiwic2V0dGluZ3MiOnsicG9zdF9pZCI6IjIxOCJ9fQ==@&#8221; global_colors_info=&#8221;{}&#8221;]<a href=\"https:\/\/www.themindedbaby.it\/index.php\/link-utili-e-indirizzo\/\">Dove trovarmi<\/a>[\/et_pb_text][\/et_pb_column][et_pb_column type=&#8221;1_3&#8243; _builder_version=&#8221;4.19.5&#8243; _module_preset=&#8221;default&#8221; global_colors_info=&#8221;{}&#8221;][et_pb_text _builder_version=&#8221;4.27.4&#8243; _dynamic_attributes=&#8221;link_option_url&#8221; _module_preset=&#8221;88ee1f59-e020-4150-b003-05437d932202&#8243; text_text_color=&#8221;#FFFFFF&#8221; link_text_color=&#8221;#FFFFFF&#8221; custom_margin=&#8221;||10px||false|false&#8221; link_option_url=&#8221;@ET-DC@eyJkeW5hbWljIjp0cnVlLCJjb250ZW50IjoicG9zdF9saW5rX3VybF9wYWdlIiwic2V0dGluZ3MiOnsicG9zdF9pZCI6IjU3NiJ9fQ==@&#8221; locked=&#8221;off&#8221; global_colors_info=&#8221;{}&#8221;]<\/p>\n<p>Cookie policy (UE)<\/p>\n<p>[\/et_pb_text][\/et_pb_column][\/et_pb_row][et_pb_row _builder_version=&#8221;4.19.5&#8243; _module_preset=&#8221;default&#8221; global_colors_info=&#8221;{}&#8221;][et_pb_column type=&#8221;4_4&#8243; _builder_version=&#8221;4.19.5&#8243; _module_preset=&#8221;default&#8221; global_colors_info=&#8221;{}&#8221;][et_pb_text _builder_version=&#8221;4.19.5&#8243; _dynamic_attributes=&#8221;content&#8221; _module_preset=&#8221;35894622-78f5-4ffb-aad3-33371e758dc0&#8243; text_text_color=&#8221;#D2D0BB&#8221; text_orientation=&#8221;center&#8221; global_colors_info=&#8221;{}&#8221;]@ET-DC@eyJkeW5hbWljIjp0cnVlLCJjb250ZW50IjoiY3VycmVudF9kYXRlIiwic2V0dGluZ3MiOnsiYmVmb3JlIjoiQ29weXJpZ2h0ICZjb3B5OyAiLCJhZnRlciI6IiBEaXZpLiBBbGwgUmlnaHRzIFJlc2VydmVkLiIsImRhdGVfZm9ybWF0IjoiY3VzdG9tIiwiY3VzdG9tX2RhdGVfZm9ybWF0IjoiWSJ9fQ==@[\/et_pb_text][\/et_pb_column][\/et_pb_row][\/et_pb_section]<\/p>\n","protected":false},"excerpt":{"rendered":"<p>the minded babyQuante cose succedono quando un piccolo essere umano inizia a svilupparsi?\u00a0Quale ruolo possono avere le persone che lo circondano?the minded baby \u00e8 un progetto di sensibilizzazione a lungo termine. \u00c8 il sogno che ogni persona inizi il proprio percorso di vita come bambino pensato.Il costrutto della mind-mindednessTo mind the baby significa fare attenzione, [&hellip;]<\/p>\n","protected":false},"author":1,"featured_media":0,"parent":0,"menu_order":0,"comment_status":"closed","ping_status":"closed","template":"","meta":{"_et_pb_use_builder":"on","_et_pb_old_content":"","_et_gb_content_width":"","footnotes":""},"class_list":["post-307","page","type-page","status-publish","hentry"],"_links":{"self":[{"href":"https:\/\/www.themindedbaby.it\/index.php\/wp-json\/wp\/v2\/pages\/307","targetHints":{"allow":["GET"]}}],"collection":[{"href":"https:\/\/www.themindedbaby.it\/index.php\/wp-json\/wp\/v2\/pages"}],"about":[{"href":"https:\/\/www.themindedbaby.it\/index.php\/wp-json\/wp\/v2\/types\/page"}],"author":[{"embeddable":true,"href":"https:\/\/www.themindedbaby.it\/index.php\/wp-json\/wp\/v2\/users\/1"}],"replies":[{"embeddable":true,"href":"https:\/\/www.themindedbaby.it\/index.php\/wp-json\/wp\/v2\/comments?post=307"}],"version-history":[{"count":14,"href":"https:\/\/www.themindedbaby.it\/index.php\/wp-json\/wp\/v2\/pages\/307\/revisions"}],"predecessor-version":[{"id":606,"href":"https:\/\/www.themindedbaby.it\/index.php\/wp-json\/wp\/v2\/pages\/307\/revisions\/606"}],"wp:attachment":[{"href":"https:\/\/www.themindedbaby.it\/index.php\/wp-json\/wp\/v2\/media?parent=307"}],"curies":[{"name":"wp","href":"https:\/\/api.w.org\/{rel}","templated":true}]}}